{"id":1319,"date":"2026-03-12T21:09:59","date_gmt":"2026-03-12T20:09:59","guid":{"rendered":"https:\/\/www.zone4.pl\/?page_id=1319"},"modified":"2026-03-12T21:15:36","modified_gmt":"2026-03-12T20:15:36","slug":"praca","status":"publish","type":"page","link":"https:\/\/www.zone4.pl\/en\/praca\/","title":{"rendered":"Praca jako instruktor w Warszawie"},"content":{"rendered":"<div class=\"wp-block-cover alignfull\"><img loading=\"lazy\" decoding=\"async\" width=\"1024\" height=\"1024\" class=\"wp-block-cover__image-background wp-image-273\" alt=\"\" src=\"https:\/\/www.zone4.pl\/wp-content\/uploads\/2024\/12\/20230222_154426-1024x1024.jpg\" data-object-fit=\"cover\" srcset=\"https:\/\/www.zone4.pl\/wp-content\/uploads\/2024\/12\/20230222_154426-1024x1024.jpg 1024w, https:\/\/www.zone4.pl\/wp-content\/uploads\/2024\/12\/20230222_154426-300x300.jpg 300w, https:\/\/www.zone4.pl\/wp-content\/uploads\/2024\/12\/20230222_154426-100x100.jpg 100w, https:\/\/www.zone4.pl\/wp-content\/uploads\/2024\/12\/20230222_154426-600x600.jpg 600w, https:\/\/www.zone4.pl\/wp-content\/uploads\/2024\/12\/20230222_154426-500x500.jpg 500w, https:\/\/www.zone4.pl\/wp-content\/uploads\/2024\/12\/20230222_154426-150x150.jpg 150w, https:\/\/www.zone4.pl\/wp-content\/uploads\/2024\/12\/20230222_154426-768x768.jpg 768w, https:\/\/www.zone4.pl\/wp-content\/uploads\/2024\/12\/20230222_154426-1536x1536.jpg 1536w, https:\/\/www.zone4.pl\/wp-content\/uploads\/2024\/12\/20230222_154426-2048x2048.jpg 2048w, https:\/\/www.zone4.pl\/wp-content\/uploads\/2024\/12\/20230222_154426-12x12.jpg 12w\" sizes=\"auto, (max-width: 1024px) 100vw, 1024px\" \/><span aria-hidden=\"true\" class=\"wp-block-cover__background has-background-dim\"><\/span><div class=\"wp-block-cover__inner-container is-layout-flow wp-block-cover-is-layout-flow\">\n<h1 class=\"wp-block-heading has-text-align-center has-palette-color-8-color has-text-color has-link-color has-large-font-size wp-elements-4c51fa7c50647a985a30bd72c9dab18f\">Szukasz pracy jako instruktor lub wychowawca?<\/h1>\n<\/div><\/div>\n\n\n\n<h5 class=\"wp-block-heading has-text-align-center\">Stale si\u0119 rozwijamy, i poszukujemy nowych os\u00f3b do naszego zespo\u0142u!<\/h5>\n\n\n\n<div class=\"wp-block-columns are-vertically-aligned-center is-layout-flex wp-container-core-columns-is-layout-28f84493 wp-block-columns-is-layout-flex\">\n<div class=\"wp-block-column is-vertically-aligned-center is-layout-flow wp-block-column-is-layout-flow\">\n<div class=\"wp-block-group has-palette-color-8-background-color has-background is-layout-constrained wp-block-group-is-layout-constrained\">\n<h4 class=\"wp-block-heading\">Instruktor \/ Instruktorka Jazdy na Rolkach<\/h4>\n\n\n\n<p><strong>Co oferujemy:<\/strong><\/p>\n\n\n\n<ul class=\"wp-block-list\">\n<li><strong>Atrakcyjne wynagrodzenie:<\/strong> Od 70 z\u0142 \/ h (ostateczna stawka uzale\u017cniona jest od Twojego do\u015bwiadczenia oraz rodzaju prowadzonych zaj\u0119\u0107).<\/li>\n\n\n\n<li><strong>Elastyczno\u015b\u0107:<\/strong> Praca g\u0142\u00f3wnie w weekendy (poza okresem wakacyjnym) \u2013 idealna opcja na dodatkowe zlecenia.<\/li>\n\n\n\n<li><strong>\u015awietn\u0105 lokalizacj\u0119:<\/strong> Zaj\u0119cia odbywaj\u0105 si\u0119 w Parku Szcz\u0119\u015bliwickim.<\/li>\n<\/ul>\n\n\n\n<p><strong>Czego oczekujemy:<\/strong><\/p>\n\n\n\n<ul class=\"wp-block-list\">\n<li><strong>\u015awietnej techniki:<\/strong> Bardzo sprawnej jazdy w stylu freeskate (nie wymagamy umiej\u0119tno\u015bci z zakresu jazdy agresywnej).<\/li>\n\n\n\n<li><strong>Podej\u015bcia do dzieci:<\/strong> Do\u015bwiadczenie w pracy z najm\u0142odszymi jest dla nas kluczowe \u2013 dzieci w wieku 6-9 lat stanowi\u0105 a\u017c 70% naszych kursant\u00f3w.<\/li>\n\n\n\n<li>Odpowiedzialno\u015bci, cierpliwo\u015bci i u\u015bmiechu!<br><\/li>\n<\/ul>\n<\/div>\n\n\n\n<div class=\"wp-block-group has-palette-color-8-background-color has-background is-layout-constrained wp-block-group-is-layout-constrained\">\n<h3 class=\"wp-block-heading\">Wychowawca \/ Wychowawczyni na P\u00f3\u0142kolonie Letnie<\/h3>\n\n\n\n<p><strong>Co oferujemy:<\/strong><\/p>\n\n\n\n<ul class=\"wp-block-list\">\n<li><strong>Sezonow\u0105 wsp\u00f3\u0142prac\u0119:<\/strong> Praca w okresie wakacyjnym (lipiec \/ sierpie\u0144).<\/li>\n\n\n\n<li><strong>Aktywne lato:<\/strong> Praca w plenerze, na terenie Parku Szcz\u0119\u015bliwickiego.<\/li>\n<\/ul>\n\n\n\n<p><strong>Czego oczekujemy:<\/strong><\/p>\n\n\n\n<ul class=\"wp-block-list\">\n<li><strong>Do\u015bwiadczenia:<\/strong> Udokumentowanej praktyki w pracy z dzie\u0107mi w przedziale wiekowym 6-12 lat.<\/li>\n\n\n\n<li><strong>Kwalifikacji:<\/strong> Uko\u0144czonego kursu wychowawcy wypoczynku LUB statusu absolwenta kierunk\u00f3w pedagogicznych.<\/li>\n\n\n\n<li><strong>Formalno\u015bci:<\/strong> Wa\u017cnego za\u015bwiadczenia o niekaralno\u015bci.<\/li>\n\n\n\n<li>Zaanga\u017cowania i g\u0142owy pe\u0142nej pomys\u0142\u00f3w na bezpieczn\u0105 zabaw\u0119.<\/li>\n<\/ul>\n<\/div>\n<\/div>\n\n\n\n<div class=\"wp-block-column is-vertically-aligned-center is-layout-flow wp-block-column-is-layout-flow\">\n<figure class=\"wp-block-image size-large\"><img loading=\"lazy\" decoding=\"async\" width=\"1024\" height=\"1024\" src=\"https:\/\/www.zone4.pl\/wp-content\/uploads\/2025\/10\/1V7A0773-1024x1024.jpg\" alt=\"\" class=\"wp-image-725\" srcset=\"https:\/\/www.zone4.pl\/wp-content\/uploads\/2025\/10\/1V7A0773-1024x1024.jpg 1024w, https:\/\/www.zone4.pl\/wp-content\/uploads\/2025\/10\/1V7A0773-300x300.jpg 300w, https:\/\/www.zone4.pl\/wp-content\/uploads\/2025\/10\/1V7A0773-150x150.jpg 150w, https:\/\/www.zone4.pl\/wp-content\/uploads\/2025\/10\/1V7A0773-768x768.jpg 768w, https:\/\/www.zone4.pl\/wp-content\/uploads\/2025\/10\/1V7A0773-1536x1536.jpg 1536w, https:\/\/www.zone4.pl\/wp-content\/uploads\/2025\/10\/1V7A0773-2048x2048.jpg 2048w, https:\/\/www.zone4.pl\/wp-content\/uploads\/2025\/10\/1V7A0773-12x12.jpg 12w, https:\/\/www.zone4.pl\/wp-content\/uploads\/2025\/10\/1V7A0773-500x500.jpg 500w, https:\/\/www.zone4.pl\/wp-content\/uploads\/2025\/10\/1V7A0773-600x600.jpg 600w, https:\/\/www.zone4.pl\/wp-content\/uploads\/2025\/10\/1V7A0773-100x100.jpg 100w\" sizes=\"auto, (max-width: 1024px) 100vw, 1024px\" \/><\/figure>\n<\/div>\n<\/div>","protected":false},"excerpt":{"rendered":"<p>Stale si\u0119 rozwijamy, i poszukujemy nowych os\u00f3b do naszego zespo\u0142u! Instruktor \/ Instruktorka Jazdy na Rolkach Co oferujemy: Czego oczekujemy: Wychowawca \/ Wychowawczyni na P\u00f3\u0142kolonie Letnie Co oferujemy: Czego oczekujemy:<\/p>","protected":false},"author":1,"featured_media":725,"parent":0,"menu_order":0,"comment_status":"closed","ping_status":"closed","template":"","meta":{"footnotes":""},"class_list":["post-1319","page","type-page","status-publish","has-post-thumbnail","hentry"],"blocksy_meta":[],"yoast_head":"<!-- This site is optimized with the Yoast SEO plugin v27.4 - https:\/\/yoast.com\/product\/yoast-seo-wordpress\/ -->\n<title>Praca jako instruktor w Warszawie - Zone4.pl G\u00f3rka Szcz\u0119\u015bliwicka<\/title>\n<meta name=\"description\" content=\"Szukasz pracy jako instruktor jazdy na rolkach, nartach lub snowbaordzie w Warszawie? Szukamy te\u017c wychowawc\u00f3w! Do\u0142\u0105cz do zone4.pl\" \/>\n<meta name=\"robots\" content=\"index, follow, max-snippet:-1, max-image-preview:large, max-video-preview:-1\" \/>\n<link rel=\"canonical\" href=\"https:\/\/www.zone4.pl\/en\/praca\/\" \/>\n<meta property=\"og:locale\" content=\"en_US\" \/>\n<meta property=\"og:type\" content=\"article\" \/>\n<meta property=\"og:title\" content=\"Praca jako instruktor w Warszawie - Zone4.pl G\u00f3rka Szcz\u0119\u015bliwicka\" \/>\n<meta property=\"og:description\" content=\"Szukasz pracy jako instruktor jazdy na rolkach, nartach lub snowbaordzie w Warszawie? Szukamy te\u017c wychowawc\u00f3w! Do\u0142\u0105cz do zone4.pl\" \/>\n<meta property=\"og:url\" content=\"https:\/\/www.zone4.pl\/en\/praca\/\" \/>\n<meta property=\"og:site_name\" content=\"Zone4.pl G\u00f3rka Szcz\u0119\u015bliwicka\" \/>\n<meta property=\"article:publisher\" content=\"https:\/\/www.facebook.com\/zone4skiing\/\" \/>\n<meta property=\"article:modified_time\" content=\"2026-03-12T20:15:36+00:00\" \/>\n<meta property=\"og:image\" content=\"https:\/\/www.zone4.pl\/wp-content\/uploads\/2025\/10\/1V7A0773-scaled.jpg\" \/>\n\t<meta property=\"og:image:width\" content=\"2560\" \/>\n\t<meta property=\"og:image:height\" content=\"2560\" \/>\n\t<meta property=\"og:image:type\" content=\"image\/jpeg\" \/>\n<meta name=\"twitter:card\" content=\"summary_large_image\" \/>\n<meta name=\"twitter:label1\" content=\"Est. reading time\" \/>\n\t<meta name=\"twitter:data1\" content=\"2 minutes\" \/>\n<script type=\"application\/ld+json\" class=\"yoast-schema-graph\">{\"@context\":\"https:\\\/\\\/schema.org\",\"@graph\":[{\"@type\":\"WebPage\",\"@id\":\"https:\\\/\\\/www.zone4.pl\\\/praca\\\/\",\"url\":\"https:\\\/\\\/www.zone4.pl\\\/praca\\\/\",\"name\":\"Praca jako instruktor w Warszawie - Zone4.pl G\u00f3rka Szcz\u0119\u015bliwicka\",\"isPartOf\":{\"@id\":\"https:\\\/\\\/www.zone4.pl\\\/#website\"},\"primaryImageOfPage\":{\"@id\":\"https:\\\/\\\/www.zone4.pl\\\/praca\\\/#primaryimage\"},\"image\":{\"@id\":\"https:\\\/\\\/www.zone4.pl\\\/praca\\\/#primaryimage\"},\"thumbnailUrl\":\"https:\\\/\\\/www.zone4.pl\\\/wp-content\\\/uploads\\\/2025\\\/10\\\/1V7A0773-scaled.jpg\",\"datePublished\":\"2026-03-12T20:09:59+00:00\",\"dateModified\":\"2026-03-12T20:15:36+00:00\",\"description\":\"Szukasz pracy jako instruktor jazdy na rolkach, nartach lub snowbaordzie w Warszawie? Szukamy te\u017c wychowawc\u00f3w! Do\u0142\u0105cz do zone4.pl\",\"breadcrumb\":{\"@id\":\"https:\\\/\\\/www.zone4.pl\\\/praca\\\/#breadcrumb\"},\"inLanguage\":\"en-US\",\"potentialAction\":[{\"@type\":\"ReadAction\",\"target\":[\"https:\\\/\\\/www.zone4.pl\\\/praca\\\/\"]}]},{\"@type\":\"ImageObject\",\"inLanguage\":\"en-US\",\"@id\":\"https:\\\/\\\/www.zone4.pl\\\/praca\\\/#primaryimage\",\"url\":\"https:\\\/\\\/www.zone4.pl\\\/wp-content\\\/uploads\\\/2025\\\/10\\\/1V7A0773-scaled.jpg\",\"contentUrl\":\"https:\\\/\\\/www.zone4.pl\\\/wp-content\\\/uploads\\\/2025\\\/10\\\/1V7A0773-scaled.jpg\",\"width\":2560,\"height\":2560},{\"@type\":\"BreadcrumbList\",\"@id\":\"https:\\\/\\\/www.zone4.pl\\\/praca\\\/#breadcrumb\",\"itemListElement\":[{\"@type\":\"ListItem\",\"position\":1,\"name\":\"Strona g\u0142\u00f3wna\",\"item\":\"https:\\\/\\\/www.zone4.pl\\\/\"},{\"@type\":\"ListItem\",\"position\":2,\"name\":\"Praca jako instruktor w Warszawie\"}]},{\"@type\":\"WebSite\",\"@id\":\"https:\\\/\\\/www.zone4.pl\\\/#website\",\"url\":\"https:\\\/\\\/www.zone4.pl\\\/\",\"name\":\"Zone4.pl G\u00f3rka Szcz\u0119\u015bliwicka\",\"description\":\"Szko\u0142a narciarska w Warszawie\",\"publisher\":{\"@id\":\"https:\\\/\\\/www.zone4.pl\\\/#organization\"},\"potentialAction\":[{\"@type\":\"SearchAction\",\"target\":{\"@type\":\"EntryPoint\",\"urlTemplate\":\"https:\\\/\\\/www.zone4.pl\\\/?s={search_term_string}\"},\"query-input\":{\"@type\":\"PropertyValueSpecification\",\"valueRequired\":true,\"valueName\":\"search_term_string\"}}],\"inLanguage\":\"en-US\"},{\"@type\":\"Organization\",\"@id\":\"https:\\\/\\\/www.zone4.pl\\\/#organization\",\"name\":\"Zone4.pl G\u00f3rka Szcz\u0119\u015bliwicka\",\"url\":\"https:\\\/\\\/www.zone4.pl\\\/\",\"logo\":{\"@type\":\"ImageObject\",\"inLanguage\":\"en-US\",\"@id\":\"https:\\\/\\\/www.zone4.pl\\\/#\\\/schema\\\/logo\\\/image\\\/\",\"url\":\"https:\\\/\\\/www.zone4.pl\\\/wp-content\\\/uploads\\\/2024\\\/12\\\/cropped-images.png\",\"contentUrl\":\"https:\\\/\\\/www.zone4.pl\\\/wp-content\\\/uploads\\\/2024\\\/12\\\/cropped-images.png\",\"width\":512,\"height\":512,\"caption\":\"Zone4.pl G\u00f3rka Szcz\u0119\u015bliwicka\"},\"image\":{\"@id\":\"https:\\\/\\\/www.zone4.pl\\\/#\\\/schema\\\/logo\\\/image\\\/\"},\"sameAs\":[\"https:\\\/\\\/www.facebook.com\\\/zone4skiing\\\/\",\"https:\\\/\\\/www.instagram.com\\\/zone4.pl\\\/\",\"https:\\\/\\\/www.tiktok.com\\\/@zone4.pl\"]}]}<\/script>\n<!-- \/ Yoast SEO plugin. -->","yoast_head_json":{"title":"Praca jako instruktor w Warszawie - Zone4.pl G\u00f3rka Szcz\u0119\u015bliwicka","description":"Szukasz pracy jako instruktor jazdy na rolkach, nartach lub snowbaordzie w Warszawie? Szukamy te\u017c wychowawc\u00f3w! Do\u0142\u0105cz do zone4.pl","robots":{"index":"index","follow":"follow","max-snippet":"max-snippet:-1","max-image-preview":"max-image-preview:large","max-video-preview":"max-video-preview:-1"},"canonical":"https:\/\/www.zone4.pl\/en\/praca\/","og_locale":"en_US","og_type":"article","og_title":"Praca jako instruktor w Warszawie - Zone4.pl G\u00f3rka Szcz\u0119\u015bliwicka","og_description":"Szukasz pracy jako instruktor jazdy na rolkach, nartach lub snowbaordzie w Warszawie? Szukamy te\u017c wychowawc\u00f3w! Do\u0142\u0105cz do zone4.pl","og_url":"https:\/\/www.zone4.pl\/en\/praca\/","og_site_name":"Zone4.pl G\u00f3rka Szcz\u0119\u015bliwicka","article_publisher":"https:\/\/www.facebook.com\/zone4skiing\/","article_modified_time":"2026-03-12T20:15:36+00:00","og_image":[{"width":2560,"height":2560,"url":"https:\/\/www.zone4.pl\/wp-content\/uploads\/2025\/10\/1V7A0773-scaled.jpg","type":"image\/jpeg"}],"twitter_card":"summary_large_image","twitter_misc":{"Est. reading time":"2 minutes"},"schema":{"@context":"https:\/\/schema.org","@graph":[{"@type":"WebPage","@id":"https:\/\/www.zone4.pl\/praca\/","url":"https:\/\/www.zone4.pl\/praca\/","name":"Praca jako instruktor w Warszawie - Zone4.pl G\u00f3rka Szcz\u0119\u015bliwicka","isPartOf":{"@id":"https:\/\/www.zone4.pl\/#website"},"primaryImageOfPage":{"@id":"https:\/\/www.zone4.pl\/praca\/#primaryimage"},"image":{"@id":"https:\/\/www.zone4.pl\/praca\/#primaryimage"},"thumbnailUrl":"https:\/\/www.zone4.pl\/wp-content\/uploads\/2025\/10\/1V7A0773-scaled.jpg","datePublished":"2026-03-12T20:09:59+00:00","dateModified":"2026-03-12T20:15:36+00:00","description":"Szukasz pracy jako instruktor jazdy na rolkach, nartach lub snowbaordzie w Warszawie? Szukamy te\u017c wychowawc\u00f3w! Do\u0142\u0105cz do zone4.pl","breadcrumb":{"@id":"https:\/\/www.zone4.pl\/praca\/#breadcrumb"},"inLanguage":"en-US","potentialAction":[{"@type":"ReadAction","target":["https:\/\/www.zone4.pl\/praca\/"]}]},{"@type":"ImageObject","inLanguage":"en-US","@id":"https:\/\/www.zone4.pl\/praca\/#primaryimage","url":"https:\/\/www.zone4.pl\/wp-content\/uploads\/2025\/10\/1V7A0773-scaled.jpg","contentUrl":"https:\/\/www.zone4.pl\/wp-content\/uploads\/2025\/10\/1V7A0773-scaled.jpg","width":2560,"height":2560},{"@type":"BreadcrumbList","@id":"https:\/\/www.zone4.pl\/praca\/#breadcrumb","itemListElement":[{"@type":"ListItem","position":1,"name":"Strona g\u0142\u00f3wna","item":"https:\/\/www.zone4.pl\/"},{"@type":"ListItem","position":2,"name":"Praca jako instruktor w Warszawie"}]},{"@type":"WebSite","@id":"https:\/\/www.zone4.pl\/#website","url":"https:\/\/www.zone4.pl\/","name":"Zone4.pl G\u00f3rka Szcz\u0119\u015bliwicka","description":"Szko\u0142a narciarska w Warszawie","publisher":{"@id":"https:\/\/www.zone4.pl\/#organization"},"potentialAction":[{"@type":"SearchAction","target":{"@type":"EntryPoint","urlTemplate":"https:\/\/www.zone4.pl\/?s={search_term_string}"},"query-input":{"@type":"PropertyValueSpecification","valueRequired":true,"valueName":"search_term_string"}}],"inLanguage":"en-US"},{"@type":"Organization","@id":"https:\/\/www.zone4.pl\/#organization","name":"Zone4.pl G\u00f3rka Szcz\u0119\u015bliwicka","url":"https:\/\/www.zone4.pl\/","logo":{"@type":"ImageObject","inLanguage":"en-US","@id":"https:\/\/www.zone4.pl\/#\/schema\/logo\/image\/","url":"https:\/\/www.zone4.pl\/wp-content\/uploads\/2024\/12\/cropped-images.png","contentUrl":"https:\/\/www.zone4.pl\/wp-content\/uploads\/2024\/12\/cropped-images.png","width":512,"height":512,"caption":"Zone4.pl G\u00f3rka Szcz\u0119\u015bliwicka"},"image":{"@id":"https:\/\/www.zone4.pl\/#\/schema\/logo\/image\/"},"sameAs":["https:\/\/www.facebook.com\/zone4skiing\/","https:\/\/www.instagram.com\/zone4.pl\/","https:\/\/www.tiktok.com\/@zone4.pl"]}]}},"_links":{"self":[{"href":"https:\/\/www.zone4.pl\/en\/wp-json\/wp\/v2\/pages\/1319","targetHints":{"allow":["GET"]}}],"collection":[{"href":"https:\/\/www.zone4.pl\/en\/wp-json\/wp\/v2\/pages"}],"about":[{"href":"https:\/\/www.zone4.pl\/en\/wp-json\/wp\/v2\/types\/page"}],"author":[{"embeddable":true,"href":"https:\/\/www.zone4.pl\/en\/wp-json\/wp\/v2\/users\/1"}],"replies":[{"embeddable":true,"href":"https:\/\/www.zone4.pl\/en\/wp-json\/wp\/v2\/comments?post=1319"}],"version-history":[{"count":3,"href":"https:\/\/www.zone4.pl\/en\/wp-json\/wp\/v2\/pages\/1319\/revisions"}],"predecessor-version":[{"id":1328,"href":"https:\/\/www.zone4.pl\/en\/wp-json\/wp\/v2\/pages\/1319\/revisions\/1328"}],"wp:featuredmedia":[{"embeddable":true,"href":"https:\/\/www.zone4.pl\/en\/wp-json\/wp\/v2\/media\/725"}],"wp:attachment":[{"href":"https:\/\/www.zone4.pl\/en\/wp-json\/wp\/v2\/media?parent=1319"}],"curies":[{"name":"wp","href":"https:\/\/api.w.org\/{rel}","templated":true}]}}